{"id":8081,"date":"2024-05-10T12:35:46","date_gmt":"2024-05-10T10:35:46","guid":{"rendered":"https:\/\/staging.laurini.com\/contatti-2\/"},"modified":"2025-12-19T13:36:01","modified_gmt":"2025-12-19T11:36:01","slug":"contactos","status":"publish","type":"page","link":"https:\/\/laurini.com\/es\/contactos\/","title":{"rendered":"Contactos"},"content":{"rendered":"<h1>CONTACTOS<\/h1>\n<h2>Descubre lo mejor de nuestras soluciones<\/h2>\n<div>Ubicaci\u00f3n<\/div>\n<div>Loc.Spigarolo, 43011 <br \/>\nBusseto, Parma, ITALIA.<\/div>\n<div>Contacto<\/div>\n<div>\n<p><a class=\"el-link uk-link-reset\" href=\"tel:+39052491844\">+ 39 0524 91844<\/a><br \/><a class=\"el-link uk-link-reset\" href=\"mailto:laurini@laurini.com\">laurini@laurini.com<\/a><\/p>\n<\/div>\n<div>\n<div class=\"googlemap_wrap\"><iframe src=\"https:\/\/www.google.com\/maps\/embed?pb=!1m18!1m12!1m3!1d2822.489672604811!2d10.05810547651238!3d44.974362865987636!2m3!1f0!2f0!3f0!3m2!1i1024!2i768!4f13.1!3m3!1m2!1s0x4780586410000001%3A0xcc17d63bd3625dbc!2sLaurini%20Officine%20Meccaniche%20Srl!5e0!3m2!1sit!2sit!4v1715337608066!5m2!1sit!2sit\" style=\"border:0;\" allowfullscreen=\"\" loading=\"lazy\" referrerpolicy=\"no-referrer-when-downgrade\"><\/iframe><\/div>\n<\/div>\n<div>Cont\u00e1ctenos<\/div>\n<h2>Para obtener m\u00e1s informaci\u00f3n o asistencia,<br \/>p\u00f3ngase en contacto con nosotros <br \/>y descubra la excelencia de las soluciones Laurini.<\/h2>\n<div>\n<div class=\"wpcf7 no-js\" id=\"wpcf7-f8117-o1\" lang=\"es-ES\" dir=\"ltr\" data-wpcf7-id=\"8117\">\n<div class=\"screen-reader-response\"><p role=\"status\" aria-live=\"polite\" aria-atomic=\"true\"><\/p> <ul><\/ul><\/div>\n<form action=\"\/es\/wp-json\/wp\/v2\/pages\/8081#wpcf7-f8117-o1\" method=\"post\" class=\"wpcf7-form init\" aria-label=\"Formulario de contacto\" novalidate=\"novalidate\" data-status=\"init\">\n<fieldset class=\"hidden-fields-container\"><input type=\"hidden\" name=\"_wpcf7\" value=\"8117\" \/><input type=\"hidden\" name=\"_wpcf7_version\" value=\"6.1.5\" \/><input type=\"hidden\" name=\"_wpcf7_locale\" value=\"es_ES\" \/><input type=\"hidden\" name=\"_wpcf7_unit_tag\" value=\"wpcf7-f8117-o1\" \/><input type=\"hidden\" name=\"_wpcf7_container_post\" value=\"0\" \/><input type=\"hidden\" name=\"_wpcf7_posted_data_hash\" value=\"\" \/>\n<\/fieldset>\n<div class=\"wpcf7-turnstile cf-turnstile\" data-sitekey=\"0x4AAAAAAB_clahrdwHJxXba\" data-response-field-name=\"_wpcf7_turnstile_response\"><\/div>\n\n<style>\n\n.wpcf7-list-item{margin: 0px !important;}\n\n\n.wpcf7-spinner {\n\tdisplay: block;\n\ttop: -30px;\n\tleft: -70%; \n\ttext-align: left;\n}\n\n @media screen and (max-width: 640px) {\n .submit-button-container {\n text-align: center;\n width: 100%;\n }\n\n .submit-button-container > div {\n text-align: center;\n width: auto !important; }\n }\n\n.submit-button-container .uk-button{\nbackground-color: #00594F;\ncolor: white;\n}\n\n @media screen and (max-width: 640px) {\n .center-mobile {\n text-align: center;\n width: 100%;\n }\n }\n<\/style>\n<div class=\"uk-column-1-2@s uk-margin\">\n\t<p><span class=\"wpcf7-form-control-wrap\" data-name=\"name-123\"><input size=\"40\" maxlength=\"400\" class=\"wpcf7-form-control wpcf7-text wpcf7-validates-as-required uk-input\" aria-required=\"true\" aria-invalid=\"false\" placeholder=\"Nombre y apellidos*\" value=\"\" type=\"text\" name=\"name-123\" \/><\/span>\n\t<\/p>\n\t<p><span class=\"wpcf7-form-control-wrap\" data-name=\"email-123\"><input size=\"40\" maxlength=\"400\" class=\"wpcf7-form-control wpcf7-email wpcf7-validates-as-required wpcf7-text wpcf7-validates-as-email uk-input\" aria-required=\"true\" aria-invalid=\"false\" placeholder=\"Correo electro\u0301nico*\" value=\"\" type=\"email\" name=\"email-123\" \/><\/span>\n\t<\/p>\n<\/div>\n<div class=\"uk-column-1-2@s uk-margin\">\n\t<p><span class=\"wpcf7-form-control-wrap\" data-name=\"tel-123\"><input size=\"40\" maxlength=\"400\" class=\"wpcf7-form-control wpcf7-tel wpcf7-text wpcf7-validates-as-tel uk-input\" aria-invalid=\"false\" placeholder=\"Tele\u0301fono\" value=\"\" type=\"tel\" name=\"tel-123\" \/><\/span>\n\t<\/p>\n\t<p><span class=\"wpcf7-form-control-wrap\" data-name=\"name-1234\"><input size=\"40\" maxlength=\"400\" class=\"wpcf7-form-control wpcf7-text uk-input\" aria-invalid=\"false\" placeholder=\"Empresa\" value=\"\" type=\"text\" name=\"name-1234\" \/><\/span>\n\t<\/p>\n<\/div>\n<div class=\"uk-margin uk-margin-large-bottom\">\n\t<p><span class=\"wpcf7-form-control-wrap\" data-name=\"textarea-118\"><textarea cols=\"40\" rows=\"3\" maxlength=\"2000\" class=\"wpcf7-form-control wpcf7-textarea wpcf7-validates-as-required uk-textarea\" aria-required=\"true\" aria-invalid=\"false\" placeholder=\"Introduce tus solicitudes*\" name=\"textarea-118\"><\/textarea><\/span>\n\t<\/p>\n<\/div>\n<div class=\"uk-clearfix\">\n\t<div class=\"uk-float-left center-mobile\">\n\t\t<div>\n\t\t\t<p><span class=\"wpcf7-form-control-wrap\" data-name=\"acceptance-494\"><span class=\"wpcf7-form-control wpcf7-acceptance\"><span class=\"wpcf7-list-item\"><label><input type=\"checkbox\" name=\"acceptance-494\" value=\"1\" class=\"uk-checkbox\" aria-invalid=\"false\" \/><span class=\"wpcf7-list-item-label\">*Acepto la <strong><a href=\"https:\/\/www.iubenda.com\/privacy-policy\/24208936\" target=\"_blank\">Pol\u00edtica de privacidad<\/a><\/strong><\/span><\/label><\/span><\/span><\/span>\n\t\t\t<\/p>\n\t\t<\/div>\n\t<\/div>\n\t<div class=\"submit-button-container uk-float-right\">\n\t\t<div>\n\t\t\t<p><input class=\"wpcf7-form-control wpcf7-submit has-spinner uk-button\" type=\"submit\" value=\"Enviar\" \/>\n\t\t\t<\/p>\n\t\t<\/div>\n\t<\/div>\n<\/div>\n<p class=\"center-mobile\"> Los campos marcados con * son obligatorios\n<\/p><div class=\"wpcf7-response-output\" aria-hidden=\"true\"><\/div>\n<\/form>\n<\/div>\n<\/div>\n<p><!--more--><br \/>\n<!-- {\"type\":\"layout\",\"children\":[{\"name\":\"Prodotti\",\"type\":\"section\",\"props\":{\"animation\":\"slide-bottom-medium\",\"animation_delay\":\"200\",\"css\":\"@media (max-width: 1360px) {\\n    .el-section > * { background-size: 30%!important; }\\n}\",\"header_transparent\":true,\"header_transparent_text_color\":\"dark\",\"image\":\"wp-content\\\/uploads\\\/2024\\\/05\\\/products-bg-7fdac108.webp\",\"image_loading\":true,\"image_position\":\"top-right\",\"image_width\":\"500\",\"media_visibility\":\"s\",\"padding\":\"large\",\"padding_remove_top\":false,\"style\":\"secondary\",\"text_color\":\"dark\",\"title_breakpoint\":\"xl\",\"title_position\":\"top-left\",\"title_rotation\":\"left\",\"vertical_align\":\"\",\"width\":\"xlarge\"},\"children\":[{\"type\":\"row\",\"children\":[{\"type\":\"column\",\"props\":{\"image_position\":\"center-center\",\"position_sticky_breakpoint\":\"m\",\"width_medium\":\"1-1\"},\"children\":[{\"type\":\"headline\",\"props\":{\"content\":\"CONTACTOS\",\"text_align\":\"left\",\"text_align_breakpoint\":\"s\",\"text_align_fallback\":\"center\",\"title_color\":\"primary\",\"title_element\":\"h1\",\"title_style\":\"heading-xlarge\"}},{\"type\":\"headline\",\"props\":{\"content\":\"Descubre lo mejor de nuestras soluciones\",\"maxwidth\":\"xlarge\",\"text_align\":\"left\",\"text_align_breakpoint\":\"s\",\"text_align_fallback\":\"center\",\"title_element\":\"h2\",\"title_style\":\"h3\"}}]}],\"props\":{\"margin\":\"large\"}},{\"type\":\"row\",\"props\":{\"alignment\":\"left\",\"column_gap\":\"collapse\",\"layout\":\"1-3,1-3,1-3\",\"padding_remove_horizontal\":false,\"row_gap\":\"small\",\"width\":\"xsmall\",\"width_expand\":\"left\"},\"children\":[{\"type\":\"column\",\"props\":{\"image_position\":\"center-center\",\"position_sticky_breakpoint\":\"m\",\"width_medium\":\"1-3\"},\"children\":[{\"type\":\"headline\",\"props\":{\"content\":\"Ubicaci\\u00f3n\",\"text_align\":\"left\",\"text_align_breakpoint\":\"s\",\"text_align_fallback\":\"center\",\"title_color\":\"primary\",\"title_element\":\"div\",\"title_style\":\"h5\"}},{\"type\":\"text\",\"props\":{\"column_breakpoint\":\"m\",\"content\":\"Loc.Spigarolo, 43011 <br \/>\\nBusseto, Parma, ITALIA.\",\"margin\":\"default\",\"text_align\":\"left\",\"text_align_breakpoint\":\"s\",\"text_align_fallback\":\"center\",\"text_color\":\"emphasis\",\"text_style\":\"lead\"}}]},{\"type\":\"column\",\"props\":{\"image_position\":\"center-center\",\"position_sticky_breakpoint\":\"m\",\"width_medium\":\"1-3\"},\"children\":[{\"type\":\"headline\",\"props\":{\"content\":\"Contacto\",\"text_align\":\"left\",\"text_align_breakpoint\":\"s\",\"text_align_fallback\":\"center\",\"title_color\":\"primary\",\"title_element\":\"div\",\"title_style\":\"h5\"}},{\"type\":\"text\",\"props\":{\"column_breakpoint\":\"m\",\"content\":\"\n\n<p><a class=\\\"el-link uk-link-reset\\\" href=\\\"tel:+39052491844\\\">+ 39 0524 91844<\\\/a><br \\\/><a class=\\\"el-link uk-link-reset\\\" href=\\\"mailto:laurini@laurini.com\\\">laurini@laurini.com<\\\/a><\\\/p>\",\"margin\":\"default\",\"text_align\":\"left\",\"text_align_breakpoint\":\"s\",\"text_align_fallback\":\"center\",\"text_color\":\"emphasis\",\"text_style\":\"lead\"}}]},{\"type\":\"column\",\"props\":{\"image_position\":\"center-center\",\"position_sticky_breakpoint\":\"m\",\"width_medium\":\"1-3\"}}]}]},{\"type\":\"section\",\"props\":{\"animation\":\"slide-bottom-medium\",\"animation_delay\":\"200\",\"height_viewport\":100,\"image_effect\":\"fixed\",\"image_loading\":true,\"image_position\":\"center-center\",\"image_size\":\"cover\",\"image_width\":\"2560\",\"padding\":\"none\",\"style\":\"default\",\"text_color\":\"light\",\"title_breakpoint\":\"xl\",\"title_position\":\"top-left\",\"title_rotation\":\"left\",\"vertical_align\":\"\",\"width\":\"\"},\"children\":[{\"type\":\"row\",\"props\":{\"parallax\":false},\"children\":[{\"type\":\"column\",\"props\":{\"image_position\":\"center-center\",\"position_sticky_breakpoint\":\"m\",\"text_color\":\"light\"},\"children\":[{\"type\":\"text\",\"props\":{\"column_breakpoint\":\"m\",\"content\":\"\n\n<div class=\\\"googlemap_wrap\\\"><iframe src=\\\"https:\\\/\\\/www.google.com\\\/maps\\\/embed?pb=!1m18!1m12!1m3!1d2822.489672604811!2d10.05810547651238!3d44.974362865987636!2m3!1f0!2f0!3f0!3m2!1i1024!2i768!4f13.1!3m3!1m2!1s0x4780586410000001%3A0xcc17d63bd3625dbc!2sLaurini%20Officine%20Meccaniche%20Srl!5e0!3m2!1sit!2sit!4v1715337608066!5m2!1sit!2sit\\\" style=\\\"border:0;\\\" allowfullscreen=\\\"\\\" loading=\\\"lazy\\\" referrerpolicy=\\\"no-referrer-when-downgrade\\\"><\\\/iframe><\\\/div>\",\"css\":\"\\\/* Wrap responsive *\\\/\\n.googlemap_wrap  {\\n    position: relative;\\n    padding-bottom: 0px;\\n    padding-top: 30px;\\n    height: 700px;\\n    overflow: hidden;\\n}\\n\\\/* iframe posizionato in maniera assoluta *\\\/\\n.googlemap_wrap iframe {\\n    position: absolute;\\n    top: 0;\\n    left: 0;\\n    width: 100%;\\n    height: 100%;\\n}\",\"margin\":\"default\"}}]}]}],\"name\":\"Contatti\"},{\"type\":\"section\",\"props\":{\"animation\":\"slide-bottom-medium\",\"animation_delay\":\"200\",\"id\":\"form\",\"image_position\":\"center-center\",\"preserve_color\":false,\"style\":\"default\",\"title_breakpoint\":\"xl\",\"title_position\":\"top-left\",\"title_rotation\":\"left\",\"vertical_align\":\"\",\"width\":\"xlarge\"},\"children\":[{\"type\":\"row\",\"children\":[{\"type\":\"column\",\"props\":{\"image_position\":\"center-center\",\"position_sticky_breakpoint\":\"m\"},\"children\":[{\"type\":\"headline\",\"props\":{\"content\":\"Cont\\u00e1ctenos\",\"margin\":\"small\",\"margin_remove_bottom\":false,\"margin_remove_top\":false,\"text_align\":\"left\",\"text_align_breakpoint\":\"s\",\"text_align_fallback\":\"center\",\"title_element\":\"div\",\"title_font_family\":\"tertiary\",\"title_style\":\"h3\"}},{\"type\":\"headline\",\"props\":{\"content\":\"Para obtener m\\u00e1s informaci\\u00f3n o asistencia,<br \\\/>p\\u00f3ngase en contacto con nosotros <br \\\/>y descubra la excelencia de las soluciones Laurini.\",\"margin_remove_top\":true,\"text_align\":\"left\",\"text_align_breakpoint\":\"s\",\"text_align_fallback\":\"center\",\"title_color\":\"primary\",\"title_element\":\"h2\",\"title_style\":\"heading-small\"}},{\"type\":\"text\",\"props\":{\"column_breakpoint\":\"m\",\"content\":\"[contact-form-7 id=\\\"d852857\\\" title=\\\"Modulo di contatto\\\"]\",\"margin\":\"default\"}}]}]}],\"name\":\"Form\"}],\"version\":\"4.5.32\"} --><\/p>\n","protected":false},"excerpt":{"rendered":"<p>CONTACTOS Descubre lo mejor de nuestras soluciones Ubicaci\u00f3n Loc.Spigarolo, 43011 Busseto, Parma, ITALIA. Contacto + 39 0524 91844laurini@laurini.com Cont\u00e1ctenos Para obtener m\u00e1s informaci\u00f3n o asistencia,p\u00f3ngase en contacto con nosotros y descubra la excelencia de las soluciones Laurini.<\/p>\n","protected":false},"author":1,"featured_media":0,"parent":0,"menu_order":0,"comment_status":"closed","ping_status":"closed","template":"","meta":{"_acf_changed":false,"footnotes":""},"class_list":["post-8081","page","type-page","status-publish","hentry"],"acf":[],"yoast_head":"<!-- This site is optimized with the Yoast SEO plugin v27.1.1 - https:\/\/yoast.com\/product\/yoast-seo-wordpress\/ -->\n<title>Contactos | Laurini<\/title>\n<meta name=\"description\" content=\"Descubre lo mejor de nuestras soluciones\" \/>\n<meta name=\"robots\" content=\"index, follow, max-snippet:-1, max-image-preview:large, max-video-preview:-1\" \/>\n<link rel=\"canonical\" href=\"https:\/\/laurini.com\/es\/contactos\/\" \/>\n<meta property=\"og:locale\" content=\"es_ES\" \/>\n<meta property=\"og:type\" content=\"article\" \/>\n<meta property=\"og:title\" content=\"Contactos | Laurini\" \/>\n<meta property=\"og:description\" content=\"Descubre lo mejor de nuestras soluciones\" \/>\n<meta property=\"og:url\" content=\"https:\/\/laurini.com\/es\/contactos\/\" \/>\n<meta property=\"og:site_name\" content=\"Laurini Officine Meccaniche\" \/>\n<meta property=\"article:modified_time\" content=\"2025-12-19T11:36:01+00:00\" \/>\n<meta name=\"twitter:card\" content=\"summary_large_image\" \/>\n<meta name=\"twitter:label1\" content=\"Tiempo de lectura\" \/>\n\t<meta name=\"twitter:data1\" content=\"1 minuto\" \/>\n<script type=\"application\/ld+json\" class=\"yoast-schema-graph\">{\"@context\":\"https:\/\/schema.org\",\"@graph\":[{\"@type\":\"WebPage\",\"@id\":\"https:\/\/laurini.com\/es\/contactos\/\",\"url\":\"https:\/\/laurini.com\/es\/contactos\/\",\"name\":\"Contactos | Laurini\",\"isPartOf\":{\"@id\":\"https:\/\/laurini.com\/es\/#website\"},\"datePublished\":\"2024-05-10T10:35:46+00:00\",\"dateModified\":\"2025-12-19T11:36:01+00:00\",\"description\":\"Descubre lo mejor de nuestras soluciones\",\"breadcrumb\":{\"@id\":\"https:\/\/laurini.com\/es\/contactos\/#breadcrumb\"},\"inLanguage\":\"es\",\"potentialAction\":[{\"@type\":\"ReadAction\",\"target\":[\"https:\/\/laurini.com\/es\/contactos\/\"]}]},{\"@type\":\"BreadcrumbList\",\"@id\":\"https:\/\/laurini.com\/es\/contactos\/#breadcrumb\",\"itemListElement\":[{\"@type\":\"ListItem\",\"position\":1,\"name\":\"Home\",\"item\":\"https:\/\/laurini.com\/es\/\"},{\"@type\":\"ListItem\",\"position\":2,\"name\":\"Contactos\"}]},{\"@type\":\"WebSite\",\"@id\":\"https:\/\/laurini.com\/es\/#website\",\"url\":\"https:\/\/laurini.com\/es\/\",\"name\":\"Laurini Officine Meccaniche\",\"description\":\"\",\"publisher\":{\"@id\":\"https:\/\/laurini.com\/es\/#organization\"},\"potentialAction\":[{\"@type\":\"SearchAction\",\"target\":{\"@type\":\"EntryPoint\",\"urlTemplate\":\"https:\/\/laurini.com\/es\/?s={search_term_string}\"},\"query-input\":{\"@type\":\"PropertyValueSpecification\",\"valueRequired\":true,\"valueName\":\"search_term_string\"}}],\"inLanguage\":\"es\"},{\"@type\":\"Organization\",\"@id\":\"https:\/\/laurini.com\/es\/#organization\",\"name\":\"Laurini Officine Meccaniche\",\"url\":\"https:\/\/laurini.com\/es\/\",\"logo\":{\"@type\":\"ImageObject\",\"inLanguage\":\"es\",\"@id\":\"https:\/\/laurini.com\/es\/#\/schema\/logo\/image\/\",\"url\":\"https:\/\/laurini.com\/wp-content\/uploads\/2024\/04\/logo-black.svg\",\"contentUrl\":\"https:\/\/laurini.com\/wp-content\/uploads\/2024\/04\/logo-black.svg\",\"width\":1,\"height\":1,\"caption\":\"Laurini Officine Meccaniche\"},\"image\":{\"@id\":\"https:\/\/laurini.com\/es\/#\/schema\/logo\/image\/\"}}]}<\/script>\n<!-- \/ Yoast SEO plugin. -->","yoast_head_json":{"title":"Contactos | Laurini","description":"Descubre lo mejor de nuestras soluciones","robots":{"index":"index","follow":"follow","max-snippet":"max-snippet:-1","max-image-preview":"max-image-preview:large","max-video-preview":"max-video-preview:-1"},"canonical":"https:\/\/laurini.com\/es\/contactos\/","og_locale":"es_ES","og_type":"article","og_title":"Contactos | Laurini","og_description":"Descubre lo mejor de nuestras soluciones","og_url":"https:\/\/laurini.com\/es\/contactos\/","og_site_name":"Laurini Officine Meccaniche","article_modified_time":"2025-12-19T11:36:01+00:00","twitter_card":"summary_large_image","twitter_misc":{"Tiempo de lectura":"1 minuto"},"schema":{"@context":"https:\/\/schema.org","@graph":[{"@type":"WebPage","@id":"https:\/\/laurini.com\/es\/contactos\/","url":"https:\/\/laurini.com\/es\/contactos\/","name":"Contactos | Laurini","isPartOf":{"@id":"https:\/\/laurini.com\/es\/#website"},"datePublished":"2024-05-10T10:35:46+00:00","dateModified":"2025-12-19T11:36:01+00:00","description":"Descubre lo mejor de nuestras soluciones","breadcrumb":{"@id":"https:\/\/laurini.com\/es\/contactos\/#breadcrumb"},"inLanguage":"es","potentialAction":[{"@type":"ReadAction","target":["https:\/\/laurini.com\/es\/contactos\/"]}]},{"@type":"BreadcrumbList","@id":"https:\/\/laurini.com\/es\/contactos\/#breadcrumb","itemListElement":[{"@type":"ListItem","position":1,"name":"Home","item":"https:\/\/laurini.com\/es\/"},{"@type":"ListItem","position":2,"name":"Contactos"}]},{"@type":"WebSite","@id":"https:\/\/laurini.com\/es\/#website","url":"https:\/\/laurini.com\/es\/","name":"Laurini Officine Meccaniche","description":"","publisher":{"@id":"https:\/\/laurini.com\/es\/#organization"},"potentialAction":[{"@type":"SearchAction","target":{"@type":"EntryPoint","urlTemplate":"https:\/\/laurini.com\/es\/?s={search_term_string}"},"query-input":{"@type":"PropertyValueSpecification","valueRequired":true,"valueName":"search_term_string"}}],"inLanguage":"es"},{"@type":"Organization","@id":"https:\/\/laurini.com\/es\/#organization","name":"Laurini Officine Meccaniche","url":"https:\/\/laurini.com\/es\/","logo":{"@type":"ImageObject","inLanguage":"es","@id":"https:\/\/laurini.com\/es\/#\/schema\/logo\/image\/","url":"https:\/\/laurini.com\/wp-content\/uploads\/2024\/04\/logo-black.svg","contentUrl":"https:\/\/laurini.com\/wp-content\/uploads\/2024\/04\/logo-black.svg","width":1,"height":1,"caption":"Laurini Officine Meccaniche"},"image":{"@id":"https:\/\/laurini.com\/es\/#\/schema\/logo\/image\/"}}]}},"_links":{"self":[{"href":"https:\/\/laurini.com\/es\/wp-json\/wp\/v2\/pages\/8081","targetHints":{"allow":["GET"]}}],"collection":[{"href":"https:\/\/laurini.com\/es\/wp-json\/wp\/v2\/pages"}],"about":[{"href":"https:\/\/laurini.com\/es\/wp-json\/wp\/v2\/types\/page"}],"author":[{"embeddable":true,"href":"https:\/\/laurini.com\/es\/wp-json\/wp\/v2\/users\/1"}],"replies":[{"embeddable":true,"href":"https:\/\/laurini.com\/es\/wp-json\/wp\/v2\/comments?post=8081"}],"version-history":[{"count":5,"href":"https:\/\/laurini.com\/es\/wp-json\/wp\/v2\/pages\/8081\/revisions"}],"predecessor-version":[{"id":8964,"href":"https:\/\/laurini.com\/es\/wp-json\/wp\/v2\/pages\/8081\/revisions\/8964"}],"wp:attachment":[{"href":"https:\/\/laurini.com\/es\/wp-json\/wp\/v2\/media?parent=8081"}],"curies":[{"name":"wp","href":"https:\/\/api.w.org\/{rel}","templated":true}]}}